{"id":97,"date":"2022-06-28T15:38:27","date_gmt":"2022-06-28T13:38:27","guid":{"rendered":"https:\/\/cerquone.ch\/?page_id=97"},"modified":"2024-11-04T15:10:27","modified_gmt":"2024-11-04T14:10:27","slug":"leadership-und-executive-coaching","status":"publish","type":"page","link":"https:\/\/cerquone.ch\/en\/leadership-und-executive-coaching\/","title":{"rendered":"Coaching"},"content":{"rendered":"<h1>\n\t\tLeadership and executive coaching\n\t<\/h1>\n\t<p>Managers, leaders or executives: leaders at all (hierarchical) levels are measured by profit, growth and productivity. At the same time, they are often responsible for people. They know that without the willingness, cooperation and trust of the people in an organisation, they will not achieve their goals.<\/p>\n<h2>\n\t\tDeveloping leadership skills\n\t<\/h2>\n\t<p>Wer Verantwortung tr\u00e4gt in einem komplexen und sich rasch \u00e4ndernden Umfeld, muss bereit sein zu pers\u00f6nlicher und beruflicher Ver\u00e4nderung.\u00a0F\u00fchrungsqualit\u00e4ten k\u00f6nnen weiterentwickelt werden &#8211; und sollten es auch.<\/p>\n<p>Das verlangt die Auseinandersetzung\u00a0mit den eigenen St\u00e4rken und Zielen. Zentral stehen die eigenen Handlungsweisen und Triebfedern. Was treibt Sie wirklich an &#8211; und was limitiert Sie? Welches Potenzial ist ungenutzt? Es braucht Mut, sich selbst einen Spiegel vorzuhalten. Doch die Arbeit lohnt sich, nicht nur f\u00fcr die F\u00fchrungskraft, sondern f\u00fcr das ganze Unternehmen.<\/p>\n<h2>\n\t\tThe other side of the coin\n\t<\/h2>\n\t<p>Success starts in our own minds. In order to achieve top performance in professional sport, you need mental strength. Very few achieve this without a personal coach.<\/p>\n<p>Auch Spitzenmanager m\u00fcssen sich im &#8218;Wettkampf&#8216; beweisen &#8211; oft sogar t\u00e4glich.<\/p>\n<p>Every organization wants inspiring and confident leaders. It is therefore important to invest not only in professional but also personal development. It is the other side of the coin.<\/p>\n<p>As a coach and consultant, I support you on your path of personal and professional development.<\/p>\n\t\t\t<a href=\"https:\/\/cerquone.ch\/en\/jeanette-cerquone\/\" target=\"_self\" rel=\"noopener\">\n\t\t\t\t\t\t\tMore about Jeanette Cerquone\n\t\t\t\t\t<\/a>\n<h2>\n\t\tFind out how I supported others\n\t<\/h2>\n\t<p>Feedbacks after coaching with me:<\/p>\n\t\t\t\t<!-- Inline Block Space Fix\n\t\t\t\t\t\t\t\t\t\t--><!-- Inline Block Space Fix\n\t\t\t\t\t\t\t\t\t\t\t\t\t\t\t\t\t\t\t--><h3>Bill McClain<\/h3><!-- Inline Block Space Fix\n\t\t\t\t\t\t\t\t\t\t\t\t\t\t\t\t\t\t\t\t\t\t\t\t\t-->\n\t\t\t\t\t\t\t\t<p><em>Head of People \/ Senior HR Leader \/ Start-up Advisor<\/em><\/p>\u00a0<b>\u00abI was somewhat sceptical of the need and benefit of coaching. Jeanette&#8217;s approach and demeanor quickly changed my mind.\u00bb<\/b><b><\/b><b><br \/><\/b>\t\t\t\t\t\t\t<!-- Inline Block Space Fix\n\t\t\t\t\t\t\t\t\t\t\t--><!-- Inline Block Space Fix\n\t\t\t\t\t\t\t\t\t\t-->\n                    <!-- Inline Block Space Fix\n\t\t\t\t-->\n\t\t\t\t<!-- Overlay for Style 1 -->\n\t\t\t<!-- END .front -->\n\t\t\t\t\t\t<p>\u00abI met Jeanette when I began my career transition journey. Quite focused on getting to the end with a new position, I was somewhat skeptical of the need and\/or benefit of coaching. Jeanette&#8217;s approach and demeanor quickly changed my mind and I soon found myself exploring my beliefs, my journey and what I really wanted from life. As she often said, \u00abthe next position will come but making sure it fits with what you want next, it is important to explore what it is you want.\u00bbThrough a variety of techniques and many discussions that ranged from fun to challenging, Jeanette&#8217;s soft and friendly, yet direct style, helped me find my objectives and helped design my &#8222;Big Picture&#8220; and establish the foundations for my next chapter.\u00a0 Having completed the transition and now in a new role, I still continue to review that &#8222;Big Picture&#8220; and to reflect on the work with Jeanette as a guide to keep me on the journey and enjoy the experiences along the way.\u00a0Jeanette has made a big contribution to my next phase while convincing the skeptic the value and gift of working with a coach. Someone once told me, &#8222;if you can get Jeanette as a coach, go for it because she is great&#8220;.\u00a0 I totally agree with that statement!\u00bb<\/p>\t\t\t\t\t\n\t\t\t\t<!-- Inline Block Space Fix\n\t\t\t\t\t\t\t\t\t\t--><!-- Inline Block Space Fix\n\t\t\t\t\t\t\t\t\t\t\t\t\t\t\t\t\t\t\t--><h3>Sabine Wollrab<\/h3><!-- Inline Block Space Fix\n\t\t\t\t\t\t\t\t\t\t\t\t\t\t\t\t\t\t\t\t\t\t\t\t\t-->\n\t\t\t\t\t\t\t\t<p><em>Co-Editor-in-Chief Germany, Austria, Switzerland, Balkans, Thomson Reuters<\/em><b><br \/>\u201cThe coaching helped me to find my own leadership style, to set the right priorities and to acknowledge my own successes.\u201d<\/b><\/p>\t\t\t\t\t\t\t<!-- Inline Block Space Fix\n\t\t\t\t\t\t\t\t\t\t\t--><!-- Inline Block Space Fix\n\t\t\t\t\t\t\t\t\t\t-->\n                    <!-- Inline Block Space Fix\n\t\t\t\t-->\n\t\t\t\t<!-- Overlay for Style 1 -->\n\t\t\t<!-- END .front -->\n\t\t\t\t\t\t\u201cThe step to editor-in-chief and managing director with responsibility for more than 100 employees was a big one for me, especially as it coincided with the start of the COVID pandemic and crisis management was required instantly. Jeanette Cerquone's coaching helped me to find my own leadership style, to set the right priorities, to acknowledge my own successes and to celebrate them even a bit.\u201d\t\t\t\t\t\n\t\t\t\t<!-- Inline Block Space Fix\n\t\t\t\t\t\t\t\t\t\t--><!-- Inline Block Space Fix\n\t\t\t\t\t\t\t\t\t\t\t\t\t\t\t\t\t\t\t--><h3>Fabienne Tr\u00e9vily<\/h3><!-- Inline Block Space Fix\n\t\t\t\t\t\t\t\t\t\t\t\t\t\t\t\t\t\t\t\t\t\t\t\t\t-->\n\t\t\t\t\t\t\t\t<p><i>Director of Group FP&amp;A, Member of Leadership Circle&amp;Risk Committee, Selecta<\/i><b><br \/><\/b><b>\u201cHer support was clearly customized to the situation and to my needs<\/b><b>.\u201d<\/b><\/p>\t\t\t\t\t\t\t<!-- Inline Block Space Fix\n\t\t\t\t\t\t\t\t\t\t\t--><!-- Inline Block Space Fix\n\t\t\t\t\t\t\t\t\t\t-->\n                    <!-- Inline Block Space Fix\n\t\t\t\t-->\n\t\t\t\t<!-- Overlay for Style 1 -->\n\t\t\t<!-- END .front -->\n\t\t\t\t\t\t<p>\u00abJeanette supported me as Career Coach &amp; Consultant for an important recruitment process C-1 in a large corporation based in Switzerland.Her support was clearly customized to the situation and to my needs. She provided me\u00a0outstanding advice on my positioning, on the needs of the company I was applying for, as\u00a0well as on the mental and physical preparation for each step.I can highly recommend Jeanette as an extremely skilled and a\u00a0highly motivated and flexible individual with whom it is a pleasure to work with.\u00bb<\/p>\t\t\t\t\t\n\t\t\t\t<!-- Inline Block Space Fix\n\t\t\t\t\t\t\t\t\t\t--><!-- Inline Block Space Fix\n\t\t\t\t\t\t\t\t\t\t\t\t\t\t\t\t\t\t\t--><h3>Henry Schwyter<\/h3><!-- Inline Block Space Fix\n\t\t\t\t\t\t\t\t\t\t\t\t\t\t\t\t\t\t\t\t\t\t\t\t\t-->\n\t\t\t\t\t\t\t\t<p><i>Head HR Line Manager Advisory CHEMEA, HR Career Advisory &amp; Social Counseling, Executive Director, UBS<\/i><b><br \/><\/b><strong>\u201cHer\u00a0<\/strong><strong>professionalism definitely helped to identify the best possible vendor for UBS\u00a0<\/strong><strong>needs.\u201d<\/strong><\/p>\t\t\t\t\t\t\t<!-- Inline Block Space Fix\n\t\t\t\t\t\t\t\t\t\t\t--><!-- Inline Block Space Fix\n\t\t\t\t\t\t\t\t\t\t-->\n                    <!-- Inline Block Space Fix\n\t\t\t\t-->\n\t\t\t\t<!-- Overlay for Style 1 -->\n\t\t\t<!-- END .front -->\n\t\t\t\t\t\t<p>\u00abI\u00a0had the pleasure in getting to know Jeanette as my Coach at a time where I took over a broader manager role and at the same time, I was\u00a0personally involved in a RFP UBS did to look for another external vendor to provide\u00a0Coachings to (senior-) UBS-employees.As a personal Coach, Jeanette did a great\u00a0job and thanks to her empathetic but focused coaching, I was able to develop\u00a0myself into a more senior manager role quickly. Her coaching enabled me to identify\u00a0my managerial blind spots on one side and to work on them as well as focus on\u00a0topics that matter. The sessions I had with Jeanette had a strategic approach, but\u00a0she was also able to offer hands-on wider range of experiments and options in order to improve things which helped me not only in my business but also private life.I can\u00a0recommend Jeanette as a coach to peers and other senior managers as she is not\u00a0only a great coach but brings a lot of professional experience along herself. During\u00a0the RFP UBS did, I got also to know Jeanette from a client point of view and her\u00a0professionalism definitely also helped to identify the best possible vendor for UBS\u00a0needs. Thank you Jeanette, looking much forward to stay connected with you.\u00bb<\/p>\t\t\t\t\t\n\t\t\t\t<!-- Inline Block Space Fix\n\t\t\t\t\t\t\t\t\t\t--><!-- Inline Block Space Fix\n\t\t\t\t\t\t\t\t\t\t\t\t\t\t\t\t\t\t\t--><h3>Martin Huber<\/h3><!-- Inline Block Space Fix\n\t\t\t\t\t\t\t\t\t\t\t\t\t\t\t\t\t\t\t\t\t\t\t\t\t-->\n\t\t\t\t\t\t\t\t<p><em>Group CFO, Aryzta<\/em><\/p>\u00a0<b><\/b><b>\u201c<\/b><b>Jeanette is a strongly business minded and compassionate coach. I was impressed by her ability to quickly guide you to identify the most impactful choices.\u201d<br \/><\/b><b><\/b><b><br \/><\/b>\t\t\t\t\t\t\t<!-- Inline Block Space Fix\n\t\t\t\t\t\t\t\t\t\t\t--><!-- Inline Block Space Fix\n\t\t\t\t\t\t\t\t\t\t-->\n                    <!-- Inline Block Space Fix\n\t\t\t\t-->\n\t\t\t\t<!-- Overlay for Style 1 -->\n\t\t\t<!-- END .front -->\n\t\t\t\t\t\t<p>\u201cJeanette is a strongly business minded and compassionate coach and mentor, her true interest in the person and her positive energy create the trust required for achieving your goals. I was impressed by her observation skills and her ability to quickly guide you to identify the most impactful choices.\u201d<\/p>\t\t\t\t\t\n\t\t\t\t<!-- Inline Block Space Fix\n\t\t\t\t\t\t\t\t\t\t--><!-- Inline Block Space Fix\n\t\t\t\t\t\t\t\t\t\t\t\t\t\t\t\t\t\t\t--><h3>Erik Brenneis<\/h3><!-- Inline Block Space Fix\n\t\t\t\t\t\t\t\t\t\t\t\t\t\t\t\t\t\t\t\t\t\t\t\t\t-->\n\t\t\t\t\t\t\t\t<p><em>CEO Vodafone IoT<\/em><\/p>\u00a0<strong>\u00abJeanette has a good understanding of how all kinds of businesses work and can adapt easily. On top of this, she is great fun to work with.\u00bb<\/strong><b><\/b><b><br \/><\/b>\t\t\t\t\t\t\t<!-- Inline Block Space Fix\n\t\t\t\t\t\t\t\t\t\t\t--><!-- Inline Block Space Fix\n\t\t\t\t\t\t\t\t\t\t-->\n                    <!-- Inline Block Space Fix\n\t\t\t\t-->\n\t\t\t\t<!-- Overlay for Style 1 -->\n\t\t\t<!-- END .front -->\n\t\t\t\t\t\t<p>\u00abI had the pleasure to work with Jeanette as my coach for the following topics: &#8218;Transformation, Leading change, learning fast, create future&#8216;. I reflected on my leadership skills and behaviours with Jeanette and she enabled me to further develop these.My main challenge was to create an environment for my team in which all the team members are motivated and able to be creative and innovative &#8211; in an uncertain, fast &#8211; changing market environment.<br \/>Jeanette set the foundation for me to structure these challenges, so that I was able to take good decisions on completely new topics with calculated risks.I enjoyed working with Jeanette very much, as she is a great listener and able to stimulate her partners&#8216; &#8218;holistic view&#8216; immediately. She has a good understanding of how all kinds of businesses work and can adapt easily. On top of this, she is great fun to work with.\u00bb<\/p>\t\t\t\t\t\n<h3>\n\t\tSelection of companies I have worked with\n\t<\/h3>\n\t<p>ABB, Actelion, Adecco, Barry Callebaut, Bayer, Bunge, Celgene, Cofco, Coty, Credit Suisse, CSL Behring, General Electric, Graftech, HBP, Hilti, Hypothekarbank Lenzburg, Intermediate Capital Group, KMUs wie: Alters-, Rehabilitations- und Pflegeeinrichtungen, Start-ups, Konica Minolta, Matches Fashion, Mediathek, Mondelez, MSD Merck Sharp &amp; Dohme, Novartis, Nestl\u00e9, Novoyzmes, Primeline Logistics, PWC, Roche, Smith &amp; Nephews, Straumann, Swiss Olympic, Syngenta, Thomson Reuters, Teva, The Global Fund, The Medicines Company, UBS, UPC, Viking Cruises, Vodafone, Walt Disney.<\/p>\n<h2>\n\t\tPossible coaching topics\n\t<\/h2>\n\t\t\t\t\t\t<h3>Self-management<\/h3>\n\t\t\t<ul>\n<li>Reflection on one's own self-conception<\/li>\n<li>Drivers, talents, blind spots<\/li>\n<li>Comparison of external \/ self-image<\/li>\n<li>Strengthening of leadership awareness, leadership presence<\/li>\n<li>Reduce stress and resilience; managing our own resources<\/li>\n<li>Sovereignty in making decisions under pressure with little information<\/li>\n<li>Creating meaningful values for a fulfilling working life for yourself and others<\/li>\n<li>Development of soft skills as the key to successful leadership<\/li>\n<li>Presence in front of an audience and media<\/li>\n<li>Preparation for positioning in new role(s)<\/li>\n<li>Position determination and reorientation<\/li>\n<\/ul>\n\t\t\t\t\t\t<h3>People management \/ leadership<\/h3>\n\t\t\t<ul>\n<li>Motivating, promoting and empowering employees<\/li>\n<li>Dialogue and feedback based on authentic communication<\/li>\n<li>Communication in complex management situations<\/li>\n<li>Fostering creativity and innovation<\/li>\n<li>Appreciation and benefit of diversity and differences<\/li>\n<li>Maintaining relationships with teams and stakeholders<\/li>\n<li>Orientation- and goal creation<\/li>\n<li>Leading in flat hierarchies in an agile environment<\/li>\n<li>Team development and trust building<\/li>\n<li>Dealing with conflicts in a team, strengthening problem-solving skills<\/li>\n<li>Virtual leadership of decentralized teams in global cooperation<\/li>\n<li>Leadership in constant transformation and change processes<\/li>\n<\/ul>\n\t\t\t\t\t\t<h3>Corporate Management<\/h3>\n\t\t\t<ul>\n<li>Vision and strategy development<\/li>\n<li>Initiating and shaping change<\/li>\n<li>Creation of sustainability in change processes<\/li>\n<li>Maximize impact and effectiveness<\/li>\n<li>Management of expectations in an exposed political context<\/li>\n<\/ul>\n\t\t\t\t\t\t<h3>As a leader in the field of dilemma<\/h3>\n\t\t\t<ul>\n<li>Strategic and operational requirements<\/li>\n<li>Core business and new ways of working<\/li>\n<li>Tradition and innovation<\/li>\n<li>The give and take of the working relationship<\/li>\n<li>Clear communication and motivation<\/li>\n<li>Empowerment and responsibility<\/li>\n<li>Authenticity and trends<\/li>\n<li>Individuality and community<\/li>\n<\/ul>\n<h2>\n\t\tHow does leadership and executive coaching work?\n\t<\/h2>\n\t<p>Jedes Leadership und Executive Coaching ist anders &#8211; so etwas wie ein Standardrezept gibt es nicht. Jede Organisation, jedes Team und jede F\u00fchrungskraft ist einzigartig. Professionelles Coaching ist deshalb immer ein individuelles, massgeschneidertes Vorgehen.\u00a0Auf Grundlage Ihrer Ziele und definierten Meilensteine erstellen wir gemeinsam eine Coaching Vereinbarung.<\/p>\n<p>&nbsp;<\/p>\n<p>The first non-binding conversation is about getting to know each other and:<\/p>\n<p>&nbsp;<\/p>\n<ol>\n<li><strong>Your goals<\/strong>: What is your goal? What do you want to achieve? Where are you heading to?<\/li>\n<li><strong>Your location<\/strong>: Where are you now? What is your starting position, your business context?<\/li>\n<li><strong>Your time<\/strong>: What is your time horizon? When and how are you available? You determine the pace, duration and frequency.<\/li>\n<li><strong>and your decisions and feelings<\/strong>: Is coaching the right method and am I the right coach for you?<\/li>\n<\/ol>\n\t\t\t<a href=\"https:\/\/cerquone.ch\/en\/kontakt\/\" target=\"_self\" rel=\"noopener\">\n\t\t\t\t\t\t\tLet's talk to find out\n\t\t\t\t\t<\/a>","protected":false},"excerpt":{"rendered":"<p>Leadership und Executive Coaching Ob Manager, Leader oder Executives: F\u00fchrungskr\u00e4fte\u00a0auf allen Hierarchiestufen werden gemessen an Gewinn, Wachstums- und Produktivit\u00e4tszahlen. Gleichzeitig sind\u00a0sie oft verantwortlich f\u00fcr viele Menschen. Sie wissen, dass sie ohne die\u00a0Leistungsbereitschaft, gute Zusammenarbeit und das Vertrauen der Menschen im\u00a0Unternehmen ihre Ziele nicht erreichen. F\u00fchrungskompetenzen entwickeln Wer Verantwortung tr\u00e4gt in einem komplexen und sich rasch&hellip;<\/p>","protected":false},"author":1,"featured_media":0,"parent":0,"menu_order":0,"comment_status":"closed","ping_status":"closed","template":"","meta":{"inline_featured_image":false,"footnotes":""},"class_list":["post-97","page","type-page","status-publish","hentry"],"_links":{"self":[{"href":"https:\/\/cerquone.ch\/en\/wp-json\/wp\/v2\/pages\/97","targetHints":{"allow":["GET"]}}],"collection":[{"href":"https:\/\/cerquone.ch\/en\/wp-json\/wp\/v2\/pages"}],"about":[{"href":"https:\/\/cerquone.ch\/en\/wp-json\/wp\/v2\/types\/page"}],"author":[{"embeddable":true,"href":"https:\/\/cerquone.ch\/en\/wp-json\/wp\/v2\/users\/1"}],"replies":[{"embeddable":true,"href":"https:\/\/cerquone.ch\/en\/wp-json\/wp\/v2\/comments?post=97"}],"version-history":[{"count":143,"href":"https:\/\/cerquone.ch\/en\/wp-json\/wp\/v2\/pages\/97\/revisions"}],"predecessor-version":[{"id":705,"href":"https:\/\/cerquone.ch\/en\/wp-json\/wp\/v2\/pages\/97\/revisions\/705"}],"wp:attachment":[{"href":"https:\/\/cerquone.ch\/en\/wp-json\/wp\/v2\/media?parent=97"}],"curies":[{"name":"wp","href":"https:\/\/api.w.org\/{rel}","templated":true}]}}