{"id":199,"date":"2022-08-29T13:26:28","date_gmt":"2022-08-29T11:26:28","guid":{"rendered":"https:\/\/cerquone.ch\/?page_id=199"},"modified":"2022-10-06T13:59:50","modified_gmt":"2022-10-06T11:59:50","slug":"jeanette-cerquone","status":"publish","type":"page","link":"https:\/\/cerquone.ch\/en\/jeanette-cerquone\/","title":{"rendered":"Jeanette Cerquone"},"content":{"rendered":"<h1>\n\t\tJeanette Cerquone, Leadership and Executive Coach\n\t<\/h1>\n\t<p>\u00abMit Passion unterst\u00fctze ich Sie bei der Erreichung Ihrer Ziele. Ich inspiriere und er\u00f6ffne neue Perspektiven. Meine Motivation ist, dass Sie mehr von Ihrem Potenzial entdecken und nutzen &#8211; f\u00fcr Ihren Erfolg und Ihre Zufriedenheit, damit Sie gut, erfolgreich und sinnstiftend leben und wirken.\u00bb<\/p>\n<h2>\n\t\tFrom the Rhine river to the Rhine\n\t<\/h2>\n\t<p>Ich mag Ver\u00e4nderung &#8211; doch dem Rhein bin ich treu geblieben. Aufgewachsen in K\u00f6ln, habe ich in Basel neue Wurzeln geschlagen. Seit 1997 lebe ich in der Schweiz und arbeite von hier aus f\u00fcr Kundinnen und Kunden auf der ganzen Welt. Seit 2003 berate ich Unternehmen fast jeglicher Gr\u00f6sse und Branche &#8211; von KMUs und Start-ups \u00fcber NGOs bis hin zu b\u00f6rsennotierten Unternehmen.<\/p>\n<p>Over many years, I have gained a deep understanding of people and organizations in a constantly changing business world. Thanks to my experience in a number of positions and industries, as an entrepreneur and with my business background, I quickly understand people in an organizational context.<\/p>\n<p>Leaders and executives, for whom I have been working almost exclusively for some time now, have been making increasing demands on me and my time and, since 2022 with my own company: Cerquone Coaching &amp; Consulting.<\/p>\n<h2>\n\t\tTraining and further education\n\t<\/h2>\n\t<p>The power of coaching has captured my interest since 2000. Since then I have been continuously training and developing myself with a perpetual and single-minded focus:<\/p>\n<ul>\n<li>Systemic Coaching and Team Development, (ISB, Bernd Schmid, Heidelberg, 2000)<\/li>\n<li>Psychology (Institute of applied Sciences, C.G. Jung Institute. 2002-2004)<\/li>\n<li>Mediation, conflictmanagement (Swisspeace, Peacebuilding, Uni BS 2017-2018)<\/li>\n<li>Co-Active Coaching (Co-Active Institute, 2018-2019)<\/li>\n<li>Coaching Advanced: Introvision, provocative style, Gestalt, solution oriented short-term systemic structural constellations (ZHAW 2019-2020)<\/li>\n<li>Positive Intelligence (Shirzad Charmine, 2020)<\/li>\n<li>Empowerment of teams and organizations (Gunther Schmidt, WILOB, 2020-2022)<\/li>\n<li>Embodiment (Schweizer Bildungsfestival; Marianne Bentzen, Jim Feil, Jack Kornfield, Peter Levine, 2022)<\/li>\n<\/ul>\n<p>I am ICF (PCC) and Co-Active (CPCC) certified. As an assessor (Talentx7, Hogan certified), it is also easy for me to use diagnostic tools and integrate them into coaching.<\/p>\n\t\t\t<a href=\"https:\/\/ch.linkedin.com\/in\/jeanettecerquone\/de\" target=\"_self\" role=\"button\" rel=\"noopener\">\n\t\t\t\t\t\t\tCurriculum vitae on LindedIn\n\t\t\t<\/a>\n<h2>\n\t\tFor you I am the empathetic provocateur\n\t<\/h2>\n\t<p>Als professioneller Coach unterst\u00fctze ich leidenschaftlich gerne F\u00fchrungskr\u00e4fte in Ver\u00e4nderungsprozessen. Ich ermutige Sie, mehr von Ihrem Potenzial zu entdecken, freizulegen und zu nutzen. Ich hole Menschen dort ab, wo sie sind &#8211; und nicht dort, wo sie sein &#8217;sollen&#8216;. Ich habe ein f\u00fcr viele Menschen verbl\u00fcffendes Gesp\u00fcr daf\u00fcr, Unausgesprochenes wahrzunehmen.<\/p>\n<p>Bei meiner Arbeit verbinde ich Kopf, Bauch und Herz. Wenn n\u00f6tig, bin ich unbequem und radikal ehrlich &#8211; mit einer Prise Humor &#8211; aber immer empathisch, achtsam und wertsch\u00e4tzend. Als Aussenstehende kann ich Klartext reden, ohne dass dies meiner Karriere schadet. So haben Sie an mir einen Sparringpartner auf Augenh\u00f6he.<\/p>\n\t\t\t<a href=\"https:\/\/cerquone.ch\/en\/leadership-und-executive-coaching\/\" target=\"_self\" role=\"button\" rel=\"noopener\">\n\t\t\t\t\t\t\tMore about my offer\n\t\t\t\t\t<\/a>\n<h2>\n\t\tWhat people say about me\n\t<\/h2>\n\t\t\t\t<!-- Inline Block Space Fix\n\t\t\t\t\t\t\t\t\t\t--><!-- Inline Block Space Fix\n\t\t\t\t\t\t\t\t\t\t\t\t\t\t\t\t\t\t\t--><h3>Rasmus von Gottberg<\/h3><!-- Inline Block Space Fix\n\t\t\t\t\t\t\t\t\t\t\t\t\t\t\t\t\t\t\t\t\t\t\t\t\t-->\n\t\t\t\t\t\t\t\t<p><i>Vice President Marketing &amp; Business Portfolio Units, Food &amp; Beverage division, Site manager Novozvmes Switzerland<\/i><b><br \/><\/b><b>\u201cWe particularly appreciated her positive view of humanity, her empathy, her emotional strength and positive charisma and that she picks people up where they need it.\u201d<\/b><\/p>\t\t\t\t\t\t\t<!-- Inline Block Space Fix\n\t\t\t\t\t\t\t\t\t\t\t--><!-- Inline Block Space Fix\n\t\t\t\t\t\t\t\t\t\t-->\n                    <!-- Inline Block Space Fix\n\t\t\t\t-->\n\t\t\t\t<!-- Overlay for Style 1 -->\n\t\t\t<!-- END .front -->\n\t\t\t\t\t\t<p>\u00abJeanette wurde als alleinige Anlaufstelle f\u00fcr Care Support nach einer ausgesprochenen Massenentlassung in einer akuten, hoch emotionalen Belastungssituation kurzfristig hinzugezogen.Dabei arbeitete sie mit einzelnen Mitarbeitenden wie auch mit Teams auf allen Hierarchieebenen \u00fcber mehrere Wochen und wurde zur gesch\u00e4tzten und vertrauensvollen Unterst\u00fctzung f\u00fcr die Mitarbeitenden und die Gesch\u00e4ftsleitung.Besonders gesch\u00e4tzt haben wir ihr positives Menschenbild, ihre Empathie und Einf\u00fchlungsverm\u00f6gen, ihre emotionale St\u00e4rke und positive Ausstrahlung und dass sie die Menschen dort abholt, wo sie es gerade ben\u00f6tigen und unterst\u00fctzt &#8211; gerade auch in individuell sehr herausfordernden Konstellationen &#8211; die pers\u00f6nlichen H\u00fcrden zu \u00fcberwinden und die Energien in positive Bahnen zu lenken.Jeanette konnte auf Anhieb gute Beziehungen zu allen Personen herstellen und auch skeptische Mitarbeitende vom Nutzen ihrer Arbeit \u00fcberzeugen, in ihrem Selbstverst\u00e4ndnis st\u00e4rken und in pers\u00f6nliche Entwicklungen unterst\u00fctzen und das Selbstwertgef\u00fchl st\u00e4rken, um die Perspektive wieder auf die eigenen Ressourcen zu lenken.F\u00fcr mich als Gesch\u00e4ftsleitung wurde sie eine sehr gesch\u00e4tzte Beraterin in jenen Wochen. Es gelang ihr, ihre umfassende Business-Erfahrung, aber auch als Coach einzubringen.\u00bb<\/p>\t\t\t\t\t\n\t\t\t\t<!-- Inline Block Space Fix\n\t\t\t\t\t\t\t\t\t\t--><!-- Inline Block Space Fix\n\t\t\t\t\t\t\t\t\t\t\t\t\t\t\t\t\t\t\t--><h3>Gerhard Mack<\/h3><!-- Inline Block Space Fix\n\t\t\t\t\t\t\t\t\t\t\t\t\t\t\t\t\t\t\t\t\t\t\t\t\t-->\n\t\t\t\t\t\t\t\t<p><em>CTO, Vodafone<\/em><b><br \/><\/b><b>\u201cJeanette is a very experienced coach with a huge toolbox, paired with excellent listening skills and empathy.\u201d<\/b><\/p>\t\t\t\t\t\t\t<!-- Inline Block Space Fix\n\t\t\t\t\t\t\t\t\t\t\t--><!-- Inline Block Space Fix\n\t\t\t\t\t\t\t\t\t\t-->\n                    <!-- Inline Block Space Fix\n\t\t\t\t-->\n\t\t\t\t<!-- Overlay for Style 1 -->\n\t\t\t<!-- END .front -->\n\t\t\t\t\t\t<p>\u00abI had the pleasure to work with Jeanette intensely for 6 months focusing on a number of personal development objectives. As a company, we are in a big transformation in the way we are doing business. This requires a cultural transformation and does impact substantially the roles &amp; responsibilities of our senior managers. The time spent with Jeanette in this context turned out extremely valuable for me, my development and a number of personal decisions.Jeanette is a very experienced coach with a huge toolbox, paired with excellent listening skills and empathy. As a coachee you feel comfortable and taken care of right away, as she creates a safe and trustful environment already in the very first session. As a unique skill, Jeanette has a lot of own business experience and understanding, which allows her to assess any situation in detail. In consequence, she uses her coaching toolbox precisely to the point, making the sessions very efficient and effective alike. To conclude, I highly recommend Jeanette as a truly valuable coach and one of the best I have ever worked with.\u00bb<\/p>\t\t\t\t\t\n\t\t\t\t<!-- Inline Block Space Fix\n\t\t\t\t\t\t\t\t\t\t--><!-- Inline Block Space Fix\n\t\t\t\t\t\t\t\t\t\t\t\t\t\t\t\t\t\t\t--><h3>Nigel Storny<\/h3><!-- Inline Block Space Fix\n\t\t\t\t\t\t\t\t\t\t\t\t\t\t\t\t\t\t\t\t\t\t\t\t\t-->\n\t\t\t\t\t\t\t\t<p><em>CEO, Post Company Cars<\/em><b><br \/><\/b><strong>\u00abI will never forget the changing moment when she literally made me walk out of my own comfort zone. I can only recommend working with her.\u00bb<\/strong><\/p>\t\t\t\t\t\t\t<!-- Inline Block Space Fix\n\t\t\t\t\t\t\t\t\t\t\t--><!-- Inline Block Space Fix\n\t\t\t\t\t\t\t\t\t\t-->\n                    <!-- Inline Block Space Fix\n\t\t\t\t-->\n\t\t\t\t<!-- Overlay for Style 1 -->\n\t\t\t<!-- END .front -->\n\t\t\t\t\t\t<p>\u201cJeanette is a very professional consultant who always ensures that the coachee considers both the business and the personal perspective. I had her as a coach during a change process and will never forget the changing moment when she literally made me walk out of my own comfort zone. I can only recommend working with her and would do it myself again.\u201d<\/p>\t\t\t\t\t\n\t\t\t\t<!-- Inline Block Space Fix\n\t\t\t\t\t\t\t\t\t\t--><!-- Inline Block Space Fix\n\t\t\t\t\t\t\t\t\t\t\t\t\t\t\t\t\t\t\t--><h3>Andrea Kraus<\/h3><!-- Inline Block Space Fix\n\t\t\t\t\t\t\t\t\t\t\t\t\t\t\t\t\t\t\t\t\t\t\t\t\t-->\n\t\t\t\t\t\t\t\t<p><i>Chief Revenue Officer (CRO), Member of the Executive Board at Eurofiber Group<\/i><b><br \/><\/b><b>\u201cA great value coaching that helped me base my professional decisions on my personal values<\/b><b>.\u201d<\/b><\/p>\t\t\t\t\t\t\t<!-- Inline Block Space Fix\n\t\t\t\t\t\t\t\t\t\t\t--><!-- Inline Block Space Fix\n\t\t\t\t\t\t\t\t\t\t-->\n                    <!-- Inline Block Space Fix\n\t\t\t\t-->\n\t\t\t\t<!-- Overlay for Style 1 -->\n\t\t\t<!-- END .front -->\n\t\t\t\t\t\t\u00abIch fand bei dir einzigartig, wie Du fachliches und u\u0308berfachliches Coaching vereint hast. Ein klasse Value-Coaching, das mir weitergeholfen hat, meine beruflichen Entscheidungen auf meinen pers\u00f6nlichen Werten zu basieren.\u00bb\t\t\t\t\t\n\t\t\t\t<!-- Inline Block Space Fix\n\t\t\t\t\t\t\t\t\t\t--><!-- Inline Block Space Fix\n\t\t\t\t\t\t\t\t\t\t\t\t\t\t\t\t\t\t\t--><h3>Ellen Wieber<\/h3><!-- Inline Block Space Fix\n\t\t\t\t\t\t\t\t\t\t\t\t\t\t\t\t\t\t\t\t\t\t\t\t\t-->\n\t\t\t\t\t\t\t\t<p><em>Ellen Wieber, Heimleiterin, Alters- und Pflegeheim K\u00e4ppeli<\/em><b><br \/>\u201cJeanettes\u00a0<\/b><strong>feedback, observations, impulses and goal-oriented questions took me by surprise and let me excel personally\u00a0<\/strong><b><strong>and professionally<\/strong>.\u201d<\/b><\/p>\t\t\t\t\t\t\t<!-- Inline Block Space Fix\n\t\t\t\t\t\t\t\t\t\t\t--><!-- Inline Block Space Fix\n\t\t\t\t\t\t\t\t\t\t-->\n                    <!-- Inline Block Space Fix\n\t\t\t\t-->\n\t\t\t\t<!-- Overlay for Style 1 -->\n\t\t\t<!-- END .front -->\n\t\t\t\t\t\t<p>\u00abJeanette ist eine \u00e4usserst kompetente und empathische Coachin. Sie wendet beim Coachen, Beraten und Training verschiedenste Methoden und spannende Vorgehensweisen an. Ich habe durch das Coaching meine Wirkung als Fu\u0308hrungskraft auf Mitarbeitende und Menschen reflektiert und weiterentwickelt. Ich bin dabei authentisch geblieben, jedoch sehe\u00a0ich an den Reaktionen, dass ich zielfu\u0308hrender kommuniziere und fu\u0308hre.Jeanettes\u00a0Feedbacks, Beobachtungen, Impulse und zielfu\u0308hrende Fragen haben mich pers\u00f6nlich wie\u00a0beruflich immer wieder \u00fcberrascht und weitergebracht. Ein herzliches Dankesch\u00f6n und gerne immer wieder.\u00bb<\/p>\t\t\t\t\t\n\t\t\t<a href=\"https:\/\/cerquone.ch\/en\/kontakt\/#terminbuchung\" target=\"_self\" role=\"button\" rel=\"noopener\">\n\t\t\t\t\t\t\tBook a free initial consultation\n\t\t\t\t\t<\/a>","protected":false},"excerpt":{"rendered":"<p>Jeanette Cerquone, Leadership und Executive Coach \u00abMit Passion unterst\u00fctze ich Sie bei der Erreichung Ihrer Ziele. Ich inspiriere und er\u00f6ffne neue Perspektiven. Meine Motivation ist, dass Sie mehr von Ihrem Potenzial entdecken und nutzen &#8211; f\u00fcr Ihren Erfolg und Ihre Zufriedenheit, damit Sie gut, erfolgreich und sinnstiftend leben und wirken.\u00bb Vom Rhein an den Rhein&hellip;<\/p>","protected":false},"author":1,"featured_media":0,"parent":0,"menu_order":0,"comment_status":"closed","ping_status":"closed","template":"","meta":{"inline_featured_image":false,"footnotes":""},"class_list":["post-199","page","type-page","status-publish","hentry"],"_links":{"self":[{"href":"https:\/\/cerquone.ch\/en\/wp-json\/wp\/v2\/pages\/199","targetHints":{"allow":["GET"]}}],"collection":[{"href":"https:\/\/cerquone.ch\/en\/wp-json\/wp\/v2\/pages"}],"about":[{"href":"https:\/\/cerquone.ch\/en\/wp-json\/wp\/v2\/types\/page"}],"author":[{"embeddable":true,"href":"https:\/\/cerquone.ch\/en\/wp-json\/wp\/v2\/users\/1"}],"replies":[{"embeddable":true,"href":"https:\/\/cerquone.ch\/en\/wp-json\/wp\/v2\/comments?post=199"}],"version-history":[{"count":144,"href":"https:\/\/cerquone.ch\/en\/wp-json\/wp\/v2\/pages\/199\/revisions"}],"predecessor-version":[{"id":680,"href":"https:\/\/cerquone.ch\/en\/wp-json\/wp\/v2\/pages\/199\/revisions\/680"}],"wp:attachment":[{"href":"https:\/\/cerquone.ch\/en\/wp-json\/wp\/v2\/media?parent=199"}],"curies":[{"name":"wp","href":"https:\/\/api.w.org\/{rel}","templated":true}]}}